{"id":29,"date":"2020-11-16T18:51:15","date_gmt":"2020-11-16T17:51:15","guid":{"rendered":"http:\/\/lesfleursdubrasseur.fr\/?page_id=29"},"modified":"2023-04-28T09:24:27","modified_gmt":"2023-04-28T07:24:27","slug":"varietes","status":"publish","type":"page","link":"https:\/\/lesfleursdubrasseur.fr\/index.php\/varietes\/","title":{"rendered":"Vari\u00e9t\u00e9s"},"content":{"rendered":"\n<div class=\"wp-block-columns is-layout-flex wp-container-core-columns-is-layout-1 wp-block-columns-is-layout-flex\">\n<div class=\"wp-block-column is-layout-flow wp-block-column-is-layout-flow\" style=\"flex-basis:100%\">\n<figure class=\"wp-block-pullquote alignleft has-text-align-right\"><blockquote><p>De l&rsquo;aromatique \u00e0 l&rsquo;amerisant, de l&rsquo;allemand \u00e0 l\u2019am\u00e9ricain, nombre de vari\u00e9t\u00e9s sont cultiv\u00e9es \u00e0 la houblonni\u00e8re <\/p><\/blockquote><\/figure>\n<\/div>\n<\/div>\n\n\n\n<p><\/p>\n\n\n\n<p><mark style=\"background-color:rgba(0, 0, 0, 0)\" class=\"has-inline-color has-black-color\">Chinook, Magnum, Cascade, Nugget, Fuggle, Tradition, Barbe Rouge, Aramis, Mistral, Sorachi Ace<\/mark><\/p>\n","protected":false},"excerpt":{"rendered":"<p>De l&rsquo;aromatique \u00e0 l&rsquo;amerisant, de l&rsquo;allemand \u00e0 l\u2019am\u00e9ricain, nombre de vari\u00e9t\u00e9s sont cultiv\u00e9es \u00e0 la houblonni\u00e8re Chinook, Magnum, Cascade, Nugget, Fuggle, Tradition, Barbe Rouge, Aramis, Mistral, Sorachi Ace<\/p>\n","protected":false},"author":1,"featured_media":0,"parent":0,"menu_order":0,"comment_status":"closed","ping_status":"closed","template":"","meta":{"footnotes":""},"class_list":["post-29","page","type-page","status-publish","hentry"],"_links":{"self":[{"href":"https:\/\/lesfleursdubrasseur.fr\/index.php\/wp-json\/wp\/v2\/pages\/29"}],"collection":[{"href":"https:\/\/lesfleursdubrasseur.fr\/index.php\/wp-json\/wp\/v2\/pages"}],"about":[{"href":"https:\/\/lesfleursdubrasseur.fr\/index.php\/wp-json\/wp\/v2\/types\/page"}],"author":[{"embeddable":true,"href":"https:\/\/lesfleursdubrasseur.fr\/index.php\/wp-json\/wp\/v2\/users\/1"}],"replies":[{"embeddable":true,"href":"https:\/\/lesfleursdubrasseur.fr\/index.php\/wp-json\/wp\/v2\/comments?post=29"}],"version-history":[{"count":6,"href":"https:\/\/lesfleursdubrasseur.fr\/index.php\/wp-json\/wp\/v2\/pages\/29\/revisions"}],"predecessor-version":[{"id":202,"href":"https:\/\/lesfleursdubrasseur.fr\/index.php\/wp-json\/wp\/v2\/pages\/29\/revisions\/202"}],"wp:attachment":[{"href":"https:\/\/lesfleursdubrasseur.fr\/index.php\/wp-json\/wp\/v2\/media?parent=29"}],"curies":[{"name":"wp","href":"https:\/\/api.w.org\/{rel}","templated":true}]}}